{"id":1352,"date":"2024-06-26T21:23:02","date_gmt":"2024-06-26T21:23:02","guid":{"rendered":"https:\/\/www.redesim.pb.gov.br\/home\/?page_id=1352"},"modified":"2026-04-23T12:36:52","modified_gmt":"2026-04-23T12:36:52","slug":"publicacoes-legais","status":"publish","type":"page","link":"https:\/\/www.redesim.pb.gov.br\/home\/publicacoes-legais\/","title":{"rendered":"Publica\u00e7\u00f5es Legais"},"content":{"rendered":"","protected":false},"excerpt":{"rendered":"","protected":false},"author":1,"featured_media":0,"parent":0,"menu_order":0,"comment_status":"closed","ping_status":"closed","template":"pages\/junta-comercial.php","meta":{"footnotes":""},"class_list":["post-1352","page","type-page","status-publish","hentry"],"acf":{"servicos":[{"titulo":"Atos Decis\u00f3rios","conteudo":"Download do relat\u00f3rio em PDF por data.","btn":"https:\/\/%s.redesim.pb.gov.br\/publicacoes-legais\/atos-decisorios","parametros":"{'https:\/\/%s.redesim.pb.gov.br\/publicacoes-legais\/atos-decisorios':''}","method":"POST","mensagem_modal":"","acesso":["visivel_todos"]},{"titulo":"Relat\u00f3rio de Empresas Falidas","conteudo":"Rela\u00e7\u00e3o de empresas registradas na Junta Comercial do Estado da Para\u00edba que encontram-se com Situa\u00e7\u00e3o: Falida, em conformidade com a Lei 11.101, art. 196 \u2013 \u201cOs Registros P\u00fablicos de Empresas manter\u00e3o banco de dados p\u00fablico e gratuito, dispon\u00edvel na rede mundial de computadores, contendo a rela\u00e7\u00e3o de todos os devedores falidos ou em recupera\u00e7\u00e3o judicial.","btn":"https:\/\/%s.redesim.pb.gov.br\/publicacoes-legais\/empresas-falidas\/","parametros":"{'https:\/\/%s.redesim.pb.gov.br\/publicacoes-legais\/empresas-falidas\/':''}","method":"POST","mensagem_modal":"","acesso":["visivel_todos"]},{"titulo":"Relat\u00f3rio de Empresas em Recupera\u00e7\u00e3o Judicial","conteudo":"Rela\u00e7\u00e3o de empresas registradas na Junta Comercial do Estado da Para\u00edba que encontram-se com Situa\u00e7\u00e3o: Em Recupera\u00e7\u00e3o Judicial, em conformidade com a Lei 11.101, art. 196 \u2013 \u201cOs Registros P\u00fablicos de Empresas manter\u00e3o banco de dados p\u00fablico e gratuito, dispon\u00edvel na rede mundial de computadores, contendo a rela\u00e7\u00e3o de todos os devedores falidos ou em recupera\u00e7\u00e3o judicial.","btn":"https:\/\/%s.redesim.pb.gov.br\/publicacoes-legais\/recuperacao-judicial\/","parametros":"{'https:\/\/%s.redesim.pb.gov.br\/publicacoes-legais\/recuperacao-judicial\/':''}","method":"POST","mensagem_modal":"","acesso":["visivel_todos"]},{"titulo":"Relat\u00f3rio de Empresas P\u00fablicas e Sociedades de Economia Mista","conteudo":"Rela\u00e7\u00e3o de Empresas P\u00fablicas e Sociedades de Economia Mista registradas na Junta Comercial do Estado da Para\u00edba em cumprimento ao art. 92 da Lei 13.303\/2016","btn":"https:\/\/%s.redesim.pb.gov.br\/publicacoes-legais\/empresa-publicas\/","parametros":"{'https:\/\/%s.redesim.pb.gov.br\/publicacoes-legais\/empresa-publicas\/':''}","method":"POST","mensagem_modal":"","acesso":["visivel_todos"]}]},"_links":{"self":[{"href":"https:\/\/www.redesim.pb.gov.br\/home\/wp-json\/wp\/v2\/pages\/1352","targetHints":{"allow":["GET"]}}],"collection":[{"href":"https:\/\/www.redesim.pb.gov.br\/home\/wp-json\/wp\/v2\/pages"}],"about":[{"href":"https:\/\/www.redesim.pb.gov.br\/home\/wp-json\/wp\/v2\/types\/page"}],"author":[{"embeddable":true,"href":"https:\/\/www.redesim.pb.gov.br\/home\/wp-json\/wp\/v2\/users\/1"}],"replies":[{"embeddable":true,"href":"https:\/\/www.redesim.pb.gov.br\/home\/wp-json\/wp\/v2\/comments?post=1352"}],"version-history":[{"count":0,"href":"https:\/\/www.redesim.pb.gov.br\/home\/wp-json\/wp\/v2\/pages\/1352\/revisions"}],"wp:attachment":[{"href":"https:\/\/www.redesim.pb.gov.br\/home\/wp-json\/wp\/v2\/media?parent=1352"}],"curies":[{"name":"wp","href":"https:\/\/api.w.org\/{rel}","templated":true}]}}