{"id":180,"date":"2023-05-23T12:50:12","date_gmt":"2023-05-23T12:50:12","guid":{"rendered":"http:\/\/www.redesim.pb.gov.br\/?page_id=180"},"modified":"2026-04-23T12:19:09","modified_gmt":"2026-04-23T12:19:09","slug":"bombeiros","status":"publish","type":"page","link":"https:\/\/www.redesim.pb.gov.br\/home\/bombeiros\/","title":{"rendered":"Bombeiros"},"content":{"rendered":"","protected":false},"excerpt":{"rendered":"","protected":false},"author":1,"featured_media":0,"parent":0,"menu_order":0,"comment_status":"closed","ping_status":"closed","template":"pages\/junta-comercial.php","meta":{"footnotes":""},"class_list":["post-180","page","type-page","status-publish","hentry"],"acf":{"servicos":[{"titulo":"Servi\u00e7os do corpo de bombeiros","conteudo":"","btn":"servicos-do-corpo-de-bombeiros","parametros":"","method":"POST","mensagem_modal":"","acesso":["visivel_deve"]},{"titulo":"Per\u00edcia de inc\u00eandio","conteudo":"","btn":"pericia-de-incendio","parametros":"","method":"POST","mensagem_modal":"","acesso":["visivel_deve"]},{"titulo":"Autoriza\u00e7\u00e3o de eventos tempor\u00e1rios","conteudo":"","btn":"autorizacao-de-eventos-temporarios","parametros":"","method":"POST","mensagem_modal":"","acesso":["visivel_deve"]},{"titulo":"Credenciamento para pessoa f\u00edsica","conteudo":"","btn":"credenciamento-para-pessoa-fisica","parametros":"","method":"POST","mensagem_modal":"","acesso":["visivel_todos"]},{"titulo":"Credenciamento para pessoa jur\u00eddica","conteudo":"","btn":"credenciamento-para-pessoa-juridica","parametros":"","method":"POST","mensagem_modal":"","acesso":["visivel_todos"]}]},"_links":{"self":[{"href":"https:\/\/www.redesim.pb.gov.br\/home\/wp-json\/wp\/v2\/pages\/180","targetHints":{"allow":["GET"]}}],"collection":[{"href":"https:\/\/www.redesim.pb.gov.br\/home\/wp-json\/wp\/v2\/pages"}],"about":[{"href":"https:\/\/www.redesim.pb.gov.br\/home\/wp-json\/wp\/v2\/types\/page"}],"author":[{"embeddable":true,"href":"https:\/\/www.redesim.pb.gov.br\/home\/wp-json\/wp\/v2\/users\/1"}],"replies":[{"embeddable":true,"href":"https:\/\/www.redesim.pb.gov.br\/home\/wp-json\/wp\/v2\/comments?post=180"}],"version-history":[{"count":0,"href":"https:\/\/www.redesim.pb.gov.br\/home\/wp-json\/wp\/v2\/pages\/180\/revisions"}],"wp:attachment":[{"href":"https:\/\/www.redesim.pb.gov.br\/home\/wp-json\/wp\/v2\/media?parent=180"}],"curies":[{"name":"wp","href":"https:\/\/api.w.org\/{rel}","templated":true}]}}