{"id":212,"date":"2023-05-23T15:40:47","date_gmt":"2023-05-23T15:40:47","guid":{"rendered":"http:\/\/www.redesim.pb.gov.br\/?page_id=212"},"modified":"2026-04-23T12:29:10","modified_gmt":"2026-04-23T12:29:10","slug":"municipios","status":"publish","type":"page","link":"https:\/\/www.redesim.pb.gov.br\/home\/municipios\/","title":{"rendered":"Munic\u00edpios"},"content":{"rendered":"","protected":false},"excerpt":{"rendered":"","protected":false},"author":1,"featured_media":0,"parent":0,"menu_order":0,"comment_status":"closed","ping_status":"closed","template":"pages\/junta-comercial.php","meta":{"footnotes":""},"class_list":["post-212","page","type-page","status-publish","hentry"],"acf":{"servicos":[{"titulo":"Inscri\u00e7\u00e3o municipal vinculada a CNPJ j\u00e1 cadastrado para outro estabelecimento","conteudo":"Solicita\u00e7\u00e3o de uma inscri\u00e7\u00e3o municipal para um cnpj que j\u00e1 possui uma inscri\u00e7\u00e3o municipal no Munic\u00edpio","btn":"inscricao-vinculo","parametros":"","method":"POST","mensagem_modal":"","acesso":["visivel_todos"]},{"titulo":"Inscri\u00e7\u00e3o no Munic\u00edpio","conteudo":"Solicita\u00e7\u00e3o de cadastro da empresa no Munic\u00edpio onde ela estar\u00e1 estabelecida","btn":"inscricao-no-municipio","parametros":"","method":"POST","mensagem_modal":"","acesso":["visivel_todos"]},{"titulo":"Pedido de baixa exclusivamente no Munic\u00edpio","conteudo":"Solicita\u00e7\u00e3o da baixa do cadastro da empresa no Munic\u00edpio onde ela se encontra localizada","btn":"baixa-no-municipio","parametros":"","method":"POST","mensagem_modal":"","acesso":["visivel_todos"]}]},"_links":{"self":[{"href":"https:\/\/www.redesim.pb.gov.br\/home\/wp-json\/wp\/v2\/pages\/212","targetHints":{"allow":["GET"]}}],"collection":[{"href":"https:\/\/www.redesim.pb.gov.br\/home\/wp-json\/wp\/v2\/pages"}],"about":[{"href":"https:\/\/www.redesim.pb.gov.br\/home\/wp-json\/wp\/v2\/types\/page"}],"author":[{"embeddable":true,"href":"https:\/\/www.redesim.pb.gov.br\/home\/wp-json\/wp\/v2\/users\/1"}],"replies":[{"embeddable":true,"href":"https:\/\/www.redesim.pb.gov.br\/home\/wp-json\/wp\/v2\/comments?post=212"}],"version-history":[{"count":0,"href":"https:\/\/www.redesim.pb.gov.br\/home\/wp-json\/wp\/v2\/pages\/212\/revisions"}],"wp:attachment":[{"href":"https:\/\/www.redesim.pb.gov.br\/home\/wp-json\/wp\/v2\/media?parent=212"}],"curies":[{"name":"wp","href":"https:\/\/api.w.org\/{rel}","templated":true}]}}