{"id":221,"date":"2023-05-23T15:54:50","date_gmt":"2023-05-23T15:54:50","guid":{"rendered":"http:\/\/www.redesim.pb.gov.br\/?page_id=221"},"modified":"2026-04-23T12:24:49","modified_gmt":"2026-04-23T12:24:49","slug":"inscricao-vinculo","status":"publish","type":"page","link":"https:\/\/www.redesim.pb.gov.br\/home\/inscricao-vinculo\/","title":{"rendered":"Inscri\u00e7\u00e3o municipal vinculada a CNPJ j\u00e1 cadastrado para outro estabelecimento"},"content":{"rendered":"","protected":false},"excerpt":{"rendered":"","protected":false},"author":1,"featured_media":0,"parent":0,"menu_order":0,"comment_status":"closed","ping_status":"closed","template":"pages\/junta-comercial.php","meta":{"footnotes":""},"class_list":["post-221","page","type-page","status-publish","hentry"],"acf":{"servicos":[{"titulo":"Altera\u00e7\u00e3o da Matriz","conteudo":"","btn":"https:\/\/%s.redesim.pb.gov.br\/s\/consultaprevia\/prepare-primeiro-passo\/","parametros":"{'tipo_empresa':'m','evento[]':'802','tipo_evento':'sefaz','isProd':'1','domain':'https:\/\/www.redesim.pb.gov.br'}","method":"POST","mensagem_modal":"","acesso":["visivel_todos"]},{"titulo":"Altera\u00e7\u00e3o da Filial","conteudo":"","btn":"https:\/\/%s.redesim.pb.gov.br\/s\/consultaprevia\/prepare-primeiro-passo\/","parametros":"{'tipo_empresa':'f','evento[]':'802','tipo_evento':'sefaz','isProd':'1','domain':'https:\/\/www.redesim.pb.gov.br'}","method":"POST","mensagem_modal":"","acesso":["visivel_todos"]}]},"_links":{"self":[{"href":"https:\/\/www.redesim.pb.gov.br\/home\/wp-json\/wp\/v2\/pages\/221","targetHints":{"allow":["GET"]}}],"collection":[{"href":"https:\/\/www.redesim.pb.gov.br\/home\/wp-json\/wp\/v2\/pages"}],"about":[{"href":"https:\/\/www.redesim.pb.gov.br\/home\/wp-json\/wp\/v2\/types\/page"}],"author":[{"embeddable":true,"href":"https:\/\/www.redesim.pb.gov.br\/home\/wp-json\/wp\/v2\/users\/1"}],"replies":[{"embeddable":true,"href":"https:\/\/www.redesim.pb.gov.br\/home\/wp-json\/wp\/v2\/comments?post=221"}],"version-history":[{"count":0,"href":"https:\/\/www.redesim.pb.gov.br\/home\/wp-json\/wp\/v2\/pages\/221\/revisions"}],"wp:attachment":[{"href":"https:\/\/www.redesim.pb.gov.br\/home\/wp-json\/wp\/v2\/media?parent=221"}],"curies":[{"name":"wp","href":"https:\/\/api.w.org\/{rel}","templated":true}]}}