{"id":2216,"date":"2025-09-25T13:45:41","date_gmt":"2025-09-25T13:45:41","guid":{"rendered":"https:\/\/deve-oito.redesim.pb.gov.br\/home\/?page_id=2216"},"modified":"2026-04-23T12:07:58","modified_gmt":"2026-04-23T12:07:58","slug":"agevisa","status":"publish","type":"page","link":"https:\/\/www.redesim.pb.gov.br\/home\/agevisa\/","title":{"rendered":"AGEVISA"},"content":{"rendered":"","protected":false},"excerpt":{"rendered":"","protected":false},"author":1,"featured_media":0,"parent":0,"menu_order":0,"comment_status":"closed","ping_status":"closed","template":"pages\/junta-comercial.php","meta":{"footnotes":""},"class_list":["post-2216","page","type-page","status-publish","hentry"],"acf":{"servicos":[{"titulo":"Solicitar an\u00e1lise de projeto para empresa","conteudo":"","btn":"https:\/\/%s.redesim.pb.gov.br\/workflow-service\/prepare\/primeiro-passo","parametros":"{'orgao':'9692','tipo_solicitacao':'17','evento':'1807','is_fluxo_legado':true,'perfil_entidade':104318}\r\n","method":"POST_JSON","mensagem_modal":"","acesso":["visivel_todos"]},{"titulo":"Solicitar alvar\u00e1 sanit\u00e1rio para empresa","conteudo":"","btn":"https:\/\/%s.redesim.pb.gov.br\/workflow-service\/prepare\/primeiro-passo","parametros":"{'orgao':'9692','tipo_solicitacao':'17','evento':'1808','is_fluxo_legado':true,'perfil_entidade':104318}\r\n","method":"POST_JSON","mensagem_modal":"","acesso":["visivel_todos"]},{"titulo":"Solicitar renova\u00e7\u00e3o do alvar\u00e1 sanit\u00e1rio para empresa","conteudo":"","btn":"https:\/\/%s.redesim.pb.gov.br\/workflow-service\/prepare\/primeiro-passo","parametros":"{'orgao':'9692','tipo_solicitacao':'9','evento':'1200','is_fluxo_legado':true,'perfil_entidade':104318}\r\n","method":"POST_JSON","mensagem_modal":"","acesso":["visivel_todos"]},{"titulo":"Solicitar altera\u00e7\u00e3o do respons\u00e1vel t\u00e9cnico","conteudo":"","btn":"https:\/\/%s.redesim.pb.gov.br\/workflow-service\/prepare\/primeiro-passo","parametros":"{'orgao':'9692','tipo_solicitacao':'17','evento':'1216','is_fluxo_legado':false,'perfil_entidade':104318}\r\n","method":"POST_JSON","mensagem_modal":"","acesso":["visivel_todos"]},{"titulo":"Solicitar baixa de respons\u00e1vel t\u00e9cnico","conteudo":"","btn":"https:\/\/%s.redesim.pb.gov.br\/workflow-service\/prepare\/primeiro-passo","parametros":"{'orgao':'9692','tipo_solicitacao':'11','evento':'1814','is_fluxo_legado':false,'perfil_entidade':104318}","method":"POST_JSON","mensagem_modal":"","acesso":["visivel_todos"]},{"titulo":"Solicitar amplia\u00e7\u00e3o de atividades sanit\u00e1rias para empresa","conteudo":"","btn":"https:\/\/%s.redesim.pb.gov.br\/workflow-service\/prepare\/primeiro-passo","parametros":"{'orgao':'9692','tipo_solicitacao':'17','evento':'1811','is_fluxo_legado':true,'perfil_entidade':104318}\r\n","method":"POST_JSON","mensagem_modal":"","acesso":""},{"titulo":"Solicitar declara\u00e7\u00e3o de dispensa de licenciamento sanit\u00e1rio para empresa ","conteudo":"","btn":"https:\/\/%s.redesim.pb.gov.br\/workflow-service\/prepare\/primeiro-passo","parametros":"{'orgao':'9692','tipo_solicitacao':'17','evento':'1215','is_fluxo_legado':true,'perfil_entidade':104318}\r\n","method":"POST_JSON","mensagem_modal":"","acesso":""},{"titulo":"Solicitar certid\u00e3o de venda livre para exporta\u00e7\u00e3o de alimentos","conteudo":"","btn":"https:\/\/%s.redesim.pb.gov.br\/workflow-service\/prepare\/primeiro-passo","parametros":"{'orgao':'9692','tipo_solicitacao':'17','evento':'1809','is_fluxo_legado':true,'perfil_entidade':104318}\r\n","method":"POST_JSON","mensagem_modal":"","acesso":""},{"titulo":"Laudo de vistoria veicular","conteudo":"","btn":"laudo-de-vistoria-veicular","parametros":"","method":"POST","mensagem_modal":"","acesso":""},{"titulo":"Credenciamento","conteudo":"","btn":"credenciamento","parametros":"","method":"POST","mensagem_modal":"","acesso":""}]},"_links":{"self":[{"href":"https:\/\/www.redesim.pb.gov.br\/home\/wp-json\/wp\/v2\/pages\/2216","targetHints":{"allow":["GET"]}}],"collection":[{"href":"https:\/\/www.redesim.pb.gov.br\/home\/wp-json\/wp\/v2\/pages"}],"about":[{"href":"https:\/\/www.redesim.pb.gov.br\/home\/wp-json\/wp\/v2\/types\/page"}],"author":[{"embeddable":true,"href":"https:\/\/www.redesim.pb.gov.br\/home\/wp-json\/wp\/v2\/users\/1"}],"replies":[{"embeddable":true,"href":"https:\/\/www.redesim.pb.gov.br\/home\/wp-json\/wp\/v2\/comments?post=2216"}],"version-history":[{"count":0,"href":"https:\/\/www.redesim.pb.gov.br\/home\/wp-json\/wp\/v2\/pages\/2216\/revisions"}],"wp:attachment":[{"href":"https:\/\/www.redesim.pb.gov.br\/home\/wp-json\/wp\/v2\/media?parent=2216"}],"curies":[{"name":"wp","href":"https:\/\/api.w.org\/{rel}","templated":true}]}}