{"id":2556,"date":"2026-01-13T20:31:27","date_gmt":"2026-01-13T20:31:27","guid":{"rendered":"https:\/\/deve-oito.redesim.pb.gov.br\/home\/?page_id=2556"},"modified":"2026-05-12T14:32:49","modified_gmt":"2026-05-12T14:32:49","slug":"credenciamento-para-pessoa-juridica","status":"publish","type":"page","link":"https:\/\/www.redesim.pb.gov.br\/home\/credenciamento-para-pessoa-juridica\/","title":{"rendered":"Credenciamento para pessoa jur\u00eddica"},"content":{"rendered":"","protected":false},"excerpt":{"rendered":"","protected":false},"author":1,"featured_media":0,"parent":0,"menu_order":0,"comment_status":"closed","ping_status":"closed","template":"pages\/junta-comercial.php","meta":{"footnotes":""},"class_list":["post-2556","page","type-page","status-publish","hentry"],"acf":{"servicos":[{"titulo":"Solicitar elabora\u00e7\u00e3o de projetos","conteudo":"","btn":"https:\/\/%s.redesim.pb.gov.br\/workflow-service\/prepare\/primeiro-passo","parametros":"{'orgao':'5692','tipo_solicitacao':'22','evento':'1209','is_fluxo_legado':false}\r\n","method":"POST_JSON","mensagem_modal":"","acesso":["visivel_deve"]},{"titulo":"Solicitar credenciamento para forma\u00e7\u00e3o de brigada de inc\u00eandio","conteudo":"","btn":"https:\/\/%s.redesim.pb.gov.br\/workflow-service\/prepare\/primeiro-passo","parametros":"{'orgao':'5692','tipo_solicitacao':'22','evento':'1205','is_fluxo_legado':false}\r\n","method":"POST_JSON","mensagem_modal":"","acesso":["visivel_deve"]},{"titulo":"Solicitar credenciamento para revenda, instala\u00e7\u00e3o e manuten\u00e7\u00e3o de equipamento ","conteudo":"","btn":"https:\/\/%s.redesim.pb.gov.br\/workflow-service\/prepare\/primeiro-passo","parametros":"{'orgao':'5692','tipo_solicitacao':'22','evento':'1210','is_fluxo_legado':false}\r\n","method":"POST_JSON","mensagem_modal":"","acesso":["visivel_deve"]},{"titulo":"Solicitar credenciamento para servi\u00e7o de brigada profissional civil","conteudo":"","btn":"https:\/\/%s.redesim.pb.gov.br\/workflow-service\/prepare\/primeiro-passo","parametros":"{'orgao':'5692','tipo_solicitacao':'22','evento':'1212','is_fluxo_legado':false}\r\n","method":"POST_JSON","mensagem_modal":"","acesso":["visivel_deve"]},{"titulo":"Forma\u00e7\u00e3o de Brigada de Inc\u00eandio ou Bombeiro Profissional Civil","conteudo":"","btn":"https:\/\/%s.redesim.pb.gov.br\/solicitacao\/evento\/eyJmdW5jaW9uYWxpZGFkZSI6IkNyZWRlbmNpYW1lbnRvIiwiZXZlbnRvcyI6WyIxMjEwIl0sImRlc2NfZXZlbnRvIjoiRm9ybWHDp8OjbyBkZSBCcmlnYWRhIGRlIEluY8OqbmRpbyBvdSBCb21iZWlybyBQcm9maXNzaW9uYWwgQ2l2aWwiLCJ0aXBvX3NvbGljaXRhY2FvIjoiMjIiLCJwZXJmaWxfZW50aWRhZGUiOiIxMDQyMDMiLCJ1ZiI6IlBCIn0=","parametros":"","method":"POST","mensagem_modal":"","acesso":["visivel_deve"]},{"titulo":"Credenciamento de Respons\u00e1vel T\u00e9cnico","conteudo":"","btn":"https:\/\/%s.redesim.pb.gov.br\/solicitacao\/evento\/","parametros":"{'funcionalidade':'Credenciamento','eventos':['1206'],'desc_evento':'Respons\u00e1vel T\u00e9cnico','tipo_solicitacao': '22','perfil_entidade':'104203','perfil_orgao':'104301'}","method":"GET_BASE64","mensagem_modal":"","acesso":["visivel_todos"]},{"titulo":"Visualizar Lista de Credenciados","conteudo":"","btn":"https:\/\/%s.redesim.pb.gov.br\/licenciamento-sli\/credenciados\/eyJpc1Blc3NvYUp1cmlkaWNhIjp0cnVlLCAiaWRFbnRpZGFkZVBlc3NvYSI6OTM1NX0=","parametros":"","method":"GET","mensagem_modal":"","acesso":["visivel_todos"]}]},"_links":{"self":[{"href":"https:\/\/www.redesim.pb.gov.br\/home\/wp-json\/wp\/v2\/pages\/2556","targetHints":{"allow":["GET"]}}],"collection":[{"href":"https:\/\/www.redesim.pb.gov.br\/home\/wp-json\/wp\/v2\/pages"}],"about":[{"href":"https:\/\/www.redesim.pb.gov.br\/home\/wp-json\/wp\/v2\/types\/page"}],"author":[{"embeddable":true,"href":"https:\/\/www.redesim.pb.gov.br\/home\/wp-json\/wp\/v2\/users\/1"}],"replies":[{"embeddable":true,"href":"https:\/\/www.redesim.pb.gov.br\/home\/wp-json\/wp\/v2\/comments?post=2556"}],"version-history":[{"count":1,"href":"https:\/\/www.redesim.pb.gov.br\/home\/wp-json\/wp\/v2\/pages\/2556\/revisions"}],"predecessor-version":[{"id":3034,"href":"https:\/\/www.redesim.pb.gov.br\/home\/wp-json\/wp\/v2\/pages\/2556\/revisions\/3034"}],"wp:attachment":[{"href":"https:\/\/www.redesim.pb.gov.br\/home\/wp-json\/wp\/v2\/media?parent=2556"}],"curies":[{"name":"wp","href":"https:\/\/api.w.org\/{rel}","templated":true}]}}