{"id":270,"date":"2023-05-23T20:02:36","date_gmt":"2023-05-23T20:02:36","guid":{"rendered":"http:\/\/www.redesim.pb.gov.br\/?page_id=270"},"modified":"2026-04-23T12:14:48","modified_gmt":"2026-04-23T12:14:48","slug":"ata-estatuto","status":"publish","type":"page","link":"https:\/\/www.redesim.pb.gov.br\/home\/ata-estatuto\/","title":{"rendered":"Ata\/Estatuto"},"content":{"rendered":"","protected":false},"excerpt":{"rendered":"","protected":false},"author":1,"featured_media":0,"parent":0,"menu_order":0,"comment_status":"closed","ping_status":"closed","template":"pages\/junta-comercial.php","meta":{"footnotes":""},"class_list":["post-270","page","type-page","status-publish","hentry"],"acf":{"servicos":[{"titulo":"Ata de assembleia dos debenturistas","conteudo":"Trata-se do arquivamento de Ata de Assembleia dos Debenturistas","btn":"https:\/\/%s.redesim.pb.gov.br\/evento-exclusivo\/coletar-dados-consumo\/730","parametros":"{'eventos-junta':'botao-eventos-junta-ata-estatuto','tp-evento':'ex','evento[]':'730'}","method":"GET","mensagem_modal":"","acesso":["visivel_todos"]},{"titulo":"Ata de assembleia geral de liquida\u00e7\u00e3o","conteudo":"","btn":"https:\/\/%s.redesim.pb.gov.br\/evento-exclusivo\/coletar-dados-consumo\/760","parametros":"{'eventos-junta':'botao-eventos-junta-ata-estatuto','tp-evento':'ex','evento[]':'760'}","method":"GET","mensagem_modal":"","acesso":["visivel_todos"]},{"titulo":" Ata de assembleia especial","conteudo":"","btn":"ata-de-assembleia-especial-nessa-ata-sera-realizada-alteracao-cadastral","parametros":"","method":"POST","mensagem_modal":"","acesso":["visivel_todos"]},{"titulo":"Ata de assembleia geral extraordin\u00e1ria","conteudo":"","btn":"ata-de-assembleia-geral-extraordinaria-nessa-ata-sera-realizada-alteracao-cadastral","parametros":"","method":"POST","mensagem_modal":"","acesso":["visivel_todos"]},{"titulo":"Ata de assembleia geral ordin\u00e1ria","conteudo":"","btn":"ata-de-assembleia-geral-ordinaria-nessa-ata-sera-realizada-alteracao-cadastral","parametros":"","method":"POST","mensagem_modal":"","acesso":["visivel_todos"]},{"titulo":"Ata de assembleia geral ordin\u00e1ria e extraordin\u00e1ria","conteudo":"","btn":"ata-de-assembleia-geral-ordinaria-e-extraordinaria-nessa-ata-sera-realizada-alteracao-cadastral","parametros":"","method":"POST","mensagem_modal":"","acesso":["visivel_todos"]},{"titulo":"Ata de reuni\u00e3o da diretoria","conteudo":"","btn":"ata-de-reuniao-da-diretoria-nessa-ata-sera-realizada-alteracao-cadastral","parametros":"","method":"POST","mensagem_modal":"","acesso":["visivel_todos"]},{"titulo":"Ata de reuni\u00e3o do conselho de administra\u00e7\u00e3o","conteudo":"","btn":"ata-de-reuniao-do-conselho-de-administracao-nessa-ata-sera-realizada-alteracao-cadastral","parametros":"","method":"POST","mensagem_modal":"","acesso":["visivel_todos"]},{"titulo":"Ata de reuni\u00e3o do conselho fiscal","conteudo":"","btn":"ata-de-reuniao-do-conselho-fiscal-nessa-ata-sera-realizada-alteracao-cadastral","parametros":"","method":"POST","mensagem_modal":"","acesso":["visivel_todos"]},{"titulo":"Ata de reuni\u00e3o\/Assembleia de s\u00f3cios","conteudo":"","btn":"https:\/\/%s.redesim.pb.gov.br\/evento-exclusivo\/coletar-dados-consumo\/732","parametros":"{'eventos-junta':'botao-eventos-junta-ata-estatuto','tp-evento':'ex','evento[]':'732'}","method":"GET","mensagem_modal":"","acesso":["visivel_todos"]},{"titulo":"Decis\u00e3o de S\u00f3cios\/Titular","conteudo":"","btn":"https:\/\/%s.redesim.pb.gov.br\/evento-exclusivo\/coletar-dados-consumo\/954","parametros":"{'eventos-junta':'botao-eventos-junta-ata-estatuto','tp-evento':'ex','evento[]':'954'}","method":"GET","mensagem_modal":"","acesso":["visivel_todos"]},{"titulo":"Delibera\u00e7\u00e3o de diretoria","conteudo":"","btn":"https:\/\/%s.redesim.pb.gov.br\/evento-exclusivo\/coletar-dados-consumo\/715","parametros":"{'eventos-junta':'botao-eventos-junta-ata-estatuto','tp-evento':'ex','evento[]':'715'}","method":"GET","mensagem_modal":"","acesso":["visivel_todos"]},{"titulo":"Delibera\u00e7\u00e3o de ger\u00eancia","conteudo":"","btn":"https:\/\/%s.redesim.pb.gov.br\/evento-exclusivo\/coletar-dados-consumo\/716","parametros":"{'eventos-junta':'botao-eventos-junta-ata-estatuto','tp-evento':'ex','evento[]':'716'}","method":"GET","mensagem_modal":"","acesso":["visivel_todos"]},{"titulo":"Estatuto social","conteudo":"","btn":"https:\/\/%s.redesim.pb.gov.br\/evento-exclusivo\/coletar-dados-consumo\/705","parametros":"{'eventos-junta':'botao-eventos-junta-ata-estatuto','tp-evento':'ex','evento[]':'705'}","method":"GET","mensagem_modal":"","acesso":["visivel_todos"]}]},"_links":{"self":[{"href":"https:\/\/www.redesim.pb.gov.br\/home\/wp-json\/wp\/v2\/pages\/270","targetHints":{"allow":["GET"]}}],"collection":[{"href":"https:\/\/www.redesim.pb.gov.br\/home\/wp-json\/wp\/v2\/pages"}],"about":[{"href":"https:\/\/www.redesim.pb.gov.br\/home\/wp-json\/wp\/v2\/types\/page"}],"author":[{"embeddable":true,"href":"https:\/\/www.redesim.pb.gov.br\/home\/wp-json\/wp\/v2\/users\/1"}],"replies":[{"embeddable":true,"href":"https:\/\/www.redesim.pb.gov.br\/home\/wp-json\/wp\/v2\/comments?post=270"}],"version-history":[{"count":0,"href":"https:\/\/www.redesim.pb.gov.br\/home\/wp-json\/wp\/v2\/pages\/270\/revisions"}],"wp:attachment":[{"href":"https:\/\/www.redesim.pb.gov.br\/home\/wp-json\/wp\/v2\/media?parent=270"}],"curies":[{"name":"wp","href":"https:\/\/api.w.org\/{rel}","templated":true}]}}