{"id":2753,"date":"2026-02-11T18:53:34","date_gmt":"2026-02-11T18:53:34","guid":{"rendered":"https:\/\/www.redesim.pb.gov.br\/home\/?page_id=2753"},"modified":"2026-04-23T12:33:20","modified_gmt":"2026-04-23T12:33:20","slug":"o-que-deseja-fazer","status":"publish","type":"page","link":"https:\/\/www.redesim.pb.gov.br\/home\/o-que-deseja-fazer\/","title":{"rendered":"O que deseja fazer?"},"content":{"rendered":"","protected":false},"excerpt":{"rendered":"","protected":false},"author":1,"featured_media":0,"parent":0,"menu_order":0,"comment_status":"closed","ping_status":"closed","template":"pages\/junta-comercial.php","meta":{"footnotes":""},"class_list":["post-2753","page","type-page","status-publish","hentry"],"acf":{"servicos":[{"titulo":"Altera\u00e7\u00e3o de Matriz","conteudo":"","btn":"https:\/\/%s.redesim.pb.gov.br\/s\/consultaprevia\/lista-eventos-alteracao","parametros":"{'x_tipo_empresa':'m','x_tipo_evento':'al','evento_empresa':'eventos-matriz','domain':'http:\/\/deve-seis.redesim.pb.gov.br'}","method":"POST","mensagem_modal":"","acesso":["visivel_todos"]},{"titulo":"Altera\u00e7\u00e3o de uma Filial no Brasil","conteudo":"","btn":"https:\/\/%s.redesim.pb.gov.br\/s\/consultaprevia\/lista-eventos-alteracao","parametros":"{'x_tipo_empresa':'f','x_tipo_evento':'al','evento_empresa':'eventos-filial','domain':'http:\/\/deve-seis.redesim.pb.gov.br'}","method":"POST","mensagem_modal":"","acesso":["visivel_todos"]},{"titulo":"Altera\u00e7\u00e3o com Absor\u00e7\u00e3o de Parte Cindida","conteudo":"","btn":"https:\/\/%s.redesim.pb.gov.br\/s\/consultaprevia\/lista-eventos-alteracao","parametros":"{'x_tipo_empresa':'m','x_tipo_evento':'al','evento_empresa':'eventos-matriz','domain':'http:\/\/deve-seis.redesim.pb.gov.br','evento':'247','cisao_alteracao':'true'}","method":"POST","mensagem_modal":"","acesso":["visivel_todos"]},{"titulo":"Altera\u00e7\u00e3o de uma Filial em outro pa\u00eds","conteudo":"","btn":"https:\/\/%s.redesim.pb.gov.br\/evento-exclusivo\/capa-processo\/","parametros":"{'evento-siarco':'033','tp-evento':'cpp','ato-siarco[]':'{017,018,002,007,008,016,006}','evento-redesim':'953','isProd':'0'}","method":"GET","mensagem_modal":"","acesso":["visivel_todos"]}]},"_links":{"self":[{"href":"https:\/\/www.redesim.pb.gov.br\/home\/wp-json\/wp\/v2\/pages\/2753","targetHints":{"allow":["GET"]}}],"collection":[{"href":"https:\/\/www.redesim.pb.gov.br\/home\/wp-json\/wp\/v2\/pages"}],"about":[{"href":"https:\/\/www.redesim.pb.gov.br\/home\/wp-json\/wp\/v2\/types\/page"}],"author":[{"embeddable":true,"href":"https:\/\/www.redesim.pb.gov.br\/home\/wp-json\/wp\/v2\/users\/1"}],"replies":[{"embeddable":true,"href":"https:\/\/www.redesim.pb.gov.br\/home\/wp-json\/wp\/v2\/comments?post=2753"}],"version-history":[{"count":0,"href":"https:\/\/www.redesim.pb.gov.br\/home\/wp-json\/wp\/v2\/pages\/2753\/revisions"}],"wp:attachment":[{"href":"https:\/\/www.redesim.pb.gov.br\/home\/wp-json\/wp\/v2\/media?parent=2753"}],"curies":[{"name":"wp","href":"https:\/\/api.w.org\/{rel}","templated":true}]}}