{"id":2763,"date":"2026-02-11T19:00:10","date_gmt":"2026-02-11T19:00:10","guid":{"rendered":"https:\/\/www.redesim.pb.gov.br\/home\/?page_id=2763"},"modified":"2026-04-23T12:13:19","modified_gmt":"2026-04-23T12:13:19","slug":"ata-de-assembleia-geral-ordinaria-nessa-ata-sera-realizada-alteracao-cadastral","status":"publish","type":"page","link":"https:\/\/www.redesim.pb.gov.br\/home\/ata-de-assembleia-geral-ordinaria-nessa-ata-sera-realizada-alteracao-cadastral\/","title":{"rendered":"Ata de assembleia geral ordin\u00e1ria &#8211; Nessa Ata ser\u00e1 realizada altera\u00e7\u00e3o cadastral?"},"content":{"rendered":"","protected":false},"excerpt":{"rendered":"","protected":false},"author":1,"featured_media":0,"parent":0,"menu_order":0,"comment_status":"closed","ping_status":"closed","template":"pages\/junta-comercial.php","meta":{"footnotes":""},"class_list":["post-2763","page","type-page","status-publish","hentry"],"acf":{"servicos":[{"titulo":"Sim","conteudo":"","btn":"o-que-deseja-fazer","parametros":"","method":"POST","mensagem_modal":"","acesso":["visivel_todos"]},{"titulo":"N\u00e3o","conteudo":"","btn":"https:\/\/%s.redesim.pb.gov.br\/evento-exclusivo\/coletar-dados-consumo\/737","parametros":"{'eventos-junta':'botao-eventos-junta-ata-estatuto','tp-evento':'ex','evento[]':'737'}","method":"GET","mensagem_modal":"","acesso":["visivel_todos"]}]},"_links":{"self":[{"href":"https:\/\/www.redesim.pb.gov.br\/home\/wp-json\/wp\/v2\/pages\/2763","targetHints":{"allow":["GET"]}}],"collection":[{"href":"https:\/\/www.redesim.pb.gov.br\/home\/wp-json\/wp\/v2\/pages"}],"about":[{"href":"https:\/\/www.redesim.pb.gov.br\/home\/wp-json\/wp\/v2\/types\/page"}],"author":[{"embeddable":true,"href":"https:\/\/www.redesim.pb.gov.br\/home\/wp-json\/wp\/v2\/users\/1"}],"replies":[{"embeddable":true,"href":"https:\/\/www.redesim.pb.gov.br\/home\/wp-json\/wp\/v2\/comments?post=2763"}],"version-history":[{"count":0,"href":"https:\/\/www.redesim.pb.gov.br\/home\/wp-json\/wp\/v2\/pages\/2763\/revisions"}],"wp:attachment":[{"href":"https:\/\/www.redesim.pb.gov.br\/home\/wp-json\/wp\/v2\/media?parent=2763"}],"curies":[{"name":"wp","href":"https:\/\/api.w.org\/{rel}","templated":true}]}}